	



	{"id":18,"date":"2023-05-16T08:43:50","date_gmt":"2023-05-16T06:43:50","guid":{"rendered":"https:\/\/kitbase.webs.fococonsultores.es\/?page_id=18"},"modified":"2023-10-18T14:17:08","modified_gmt":"2023-10-18T12:17:08","slug":"nosotros","status":"publish","type":"page","link":"https:\/\/maginaasesores.es\/index.php\/nosotros\/","title":{"rendered":"Nosotros"},"content":{"rendered":"\n<div style=\"height:4vh\" aria-hidden=\"true\" class=\"wp-block-spacer\"><\/div>\n\n\n<div class=\"yoast-breadcrumbs\"><span><span><a href=\"https:\/\/maginaasesores.es\/\">Portada<\/a> \u00bb <span class=\"breadcrumb_last\" aria-current=\"page\">Nosotros<\/span><\/span><\/span><\/div>\n\n\n<div class=\"wp-block-cover alignfull is-light\"><span aria-hidden=\"true\" class=\"wp-block-cover__background has-white-background-color has-background-dim-100 has-background-dim\"><\/span><div class=\"wp-block-cover__inner-container\">\n<div class=\"is-layout-constrained wp-block-group\"><div class=\"wp-block-group__inner-container\">\n<div class=\"is-layout-flex wp-container-4 wp-block-columns\">\n<div class=\"is-layout-flow wp-block-column is-vertically-aligned-top\" style=\"flex-basis:50%\">\n<figure class=\"wp-block-image alignwide size-full\"><img decoding=\"async\" loading=\"lazy\" width=\"680\" height=\"225\" src=\"https:\/\/maginaasesores.es\/wp-content\/uploads\/sites\/10\/2023\/10\/magina_asesores_nosotros.jpg\" alt=\"nosotros fachada m\u00e1gina asesores\" class=\"wp-image-846\" srcset=\"https:\/\/maginaasesores.es\/wp-content\/uploads\/sites\/10\/2023\/10\/magina_asesores_nosotros.jpg 680w, https:\/\/maginaasesores.es\/wp-content\/uploads\/sites\/10\/2023\/10\/magina_asesores_nosotros-300x99.jpg 300w\" sizes=\"(max-width: 680px) 100vw, 680px\" \/><\/figure>\n<\/div>\n\n\n\n<div class=\"is-layout-flow wp-block-column is-vertically-aligned-center\">\n<h1 class=\"has-x-large-font-size\">M\u00e1gina Asesores<\/h1>\n\n\n\n<h2><strong>Nuestra empresa<\/strong><\/h2>\n\n\n\n<p>Somos un despacho profesional formado por un equipo multidisciplinar, contando con una amplia experiencia en el sector.<\/p>\n\n\n\n<p>Ofrecemos nuestros servicios de asesor\u00eda fiscal, laboral, y contable, dando un trato directo y personalizado a todos nuestros clientes.<\/p>\n<\/div>\n\n\n\n<div class=\"is-layout-flow wp-block-column\" style=\"flex-basis:2%\"><\/div>\n<\/div>\n<\/div><\/div>\n<\/div><\/div>\n","protected":false},"excerpt":{"rendered":"","protected":false},"author":2,"featured_media":0,"parent":0,"menu_order":0,"comment_status":"closed","ping_status":"closed","template":"","meta":{"_mi_skip_tracking":false},"yoast_head":"<!-- This site is optimized with the Yoast SEO plugin v19.10 - https:\/\/yoast.com\/wordpress\/plugins\/seo\/ -->\n<title>Nosotros - M\u00e1gina Asesores<\/title>\n<meta name=\"description\" content=\"M\u00e1gina asesores es un despacho profesional con experiencia que ofrece asesor\u00eda fiscal, laboral y contable personalizada.\" \/>\n<meta name=\"robots\" content=\"index, follow, max-snippet:-1, max-image-preview:large, max-video-preview:-1\" \/>\n<link rel=\"canonical\" href=\"https:\/\/maginaasesores.es\/index.php\/nosotros\/\" \/>\n<meta property=\"og:locale\" content=\"es_ES\" \/>\n<meta property=\"og:type\" content=\"article\" \/>\n<meta property=\"og:title\" content=\"Nosotros - M\u00e1gina Asesores\" \/>\n<meta property=\"og:description\" content=\"M\u00e1gina asesores es un despacho profesional con experiencia que ofrece asesor\u00eda fiscal, laboral y contable personalizada.\" \/>\n<meta property=\"og:url\" content=\"https:\/\/maginaasesores.es\/index.php\/nosotros\/\" \/>\n<meta property=\"og:site_name\" content=\"M\u00e1gina Asesores\" \/>\n<meta property=\"article:modified_time\" content=\"2023-10-18T12:17:08+00:00\" \/>\n<meta property=\"og:image\" content=\"https:\/\/maginaasesores.es\/wp-content\/uploads\/sites\/10\/2023\/10\/magina_asesores_nosotros.jpg\" \/>\n<meta name=\"twitter:card\" content=\"summary_large_image\" \/>\n<meta name=\"twitter:label1\" content=\"Tiempo de lectura\" \/>\n\t<meta name=\"twitter:data1\" content=\"1 minuto\" \/>\n<script type=\"application\/ld+json\" class=\"yoast-schema-graph\">{\"@context\":\"https:\/\/schema.org\",\"@graph\":[{\"@type\":\"WebPage\",\"@id\":\"https:\/\/maginaasesores.es\/index.php\/nosotros\/\",\"url\":\"https:\/\/maginaasesores.es\/index.php\/nosotros\/\",\"name\":\"Nosotros - M\u00e1gina Asesores\",\"isPartOf\":{\"@id\":\"https:\/\/maginaasesores.es\/#website\"},\"datePublished\":\"2023-05-16T06:43:50+00:00\",\"dateModified\":\"2023-10-18T12:17:08+00:00\",\"description\":\"M\u00e1gina asesores es un despacho profesional con experiencia que ofrece asesor\u00eda fiscal, laboral y contable personalizada.\",\"breadcrumb\":{\"@id\":\"https:\/\/maginaasesores.es\/index.php\/nosotros\/#breadcrumb\"},\"inLanguage\":\"es\",\"potentialAction\":[{\"@type\":\"ReadAction\",\"target\":[\"https:\/\/maginaasesores.es\/index.php\/nosotros\/\"]}]},{\"@type\":\"BreadcrumbList\",\"@id\":\"https:\/\/maginaasesores.es\/index.php\/nosotros\/#breadcrumb\",\"itemListElement\":[{\"@type\":\"ListItem\",\"position\":1,\"name\":\"Portada\",\"item\":\"https:\/\/maginaasesores.es\/\"},{\"@type\":\"ListItem\",\"position\":2,\"name\":\"Nosotros\"}]},{\"@type\":\"WebSite\",\"@id\":\"https:\/\/maginaasesores.es\/#website\",\"url\":\"https:\/\/maginaasesores.es\/\",\"name\":\"M\u00e1gina Asesores\",\"description\":\"Asesor\u00eda Fiscal. Laboral y Contable\",\"publisher\":{\"@id\":\"https:\/\/maginaasesores.es\/#organization\"},\"potentialAction\":[{\"@type\":\"SearchAction\",\"target\":{\"@type\":\"EntryPoint\",\"urlTemplate\":\"https:\/\/maginaasesores.es\/?s={search_term_string}\"},\"query-input\":\"required name=search_term_string\"}],\"inLanguage\":\"es\"},{\"@type\":\"Organization\",\"@id\":\"https:\/\/maginaasesores.es\/#organization\",\"name\":\"M\u00e1gina Asesores\",\"url\":\"https:\/\/maginaasesores.es\/\",\"logo\":{\"@type\":\"ImageObject\",\"inLanguage\":\"es\",\"@id\":\"https:\/\/maginaasesores.es\/#\/schema\/logo\/image\/\",\"url\":\"https:\/\/maginaasesores.es\/wp-content\/uploads\/sites\/10\/2023\/05\/magina-asesores-h.png\",\"contentUrl\":\"https:\/\/maginaasesores.es\/wp-content\/uploads\/sites\/10\/2023\/05\/magina-asesores-h.png\",\"width\":672,\"height\":355,\"caption\":\"M\u00e1gina Asesores\"},\"image\":{\"@id\":\"https:\/\/maginaasesores.es\/#\/schema\/logo\/image\/\"}}]}<\/script>\n<!-- \/ Yoast SEO plugin. -->","yoast_head_json":{"title":"Nosotros - M\u00e1gina Asesores","description":"M\u00e1gina asesores es un despacho profesional con experiencia que ofrece asesor\u00eda fiscal, laboral y contable personalizada.","robots":{"index":"index","follow":"follow","max-snippet":"max-snippet:-1","max-image-preview":"max-image-preview:large","max-video-preview":"max-video-preview:-1"},"canonical":"https:\/\/maginaasesores.es\/index.php\/nosotros\/","og_locale":"es_ES","og_type":"article","og_title":"Nosotros - M\u00e1gina Asesores","og_description":"M\u00e1gina asesores es un despacho profesional con experiencia que ofrece asesor\u00eda fiscal, laboral y contable personalizada.","og_url":"https:\/\/maginaasesores.es\/index.php\/nosotros\/","og_site_name":"M\u00e1gina Asesores","article_modified_time":"2023-10-18T12:17:08+00:00","og_image":[{"url":"https:\/\/maginaasesores.es\/wp-content\/uploads\/sites\/10\/2023\/10\/magina_asesores_nosotros.jpg"}],"twitter_card":"summary_large_image","twitter_misc":{"Tiempo de lectura":"1 minuto"},"schema":{"@context":"https:\/\/schema.org","@graph":[{"@type":"WebPage","@id":"https:\/\/maginaasesores.es\/index.php\/nosotros\/","url":"https:\/\/maginaasesores.es\/index.php\/nosotros\/","name":"Nosotros - M\u00e1gina Asesores","isPartOf":{"@id":"https:\/\/maginaasesores.es\/#website"},"datePublished":"2023-05-16T06:43:50+00:00","dateModified":"2023-10-18T12:17:08+00:00","description":"M\u00e1gina asesores es un despacho profesional con experiencia que ofrece asesor\u00eda fiscal, laboral y contable personalizada.","breadcrumb":{"@id":"https:\/\/maginaasesores.es\/index.php\/nosotros\/#breadcrumb"},"inLanguage":"es","potentialAction":[{"@type":"ReadAction","target":["https:\/\/maginaasesores.es\/index.php\/nosotros\/"]}]},{"@type":"BreadcrumbList","@id":"https:\/\/maginaasesores.es\/index.php\/nosotros\/#breadcrumb","itemListElement":[{"@type":"ListItem","position":1,"name":"Portada","item":"https:\/\/maginaasesores.es\/"},{"@type":"ListItem","position":2,"name":"Nosotros"}]},{"@type":"WebSite","@id":"https:\/\/maginaasesores.es\/#website","url":"https:\/\/maginaasesores.es\/","name":"M\u00e1gina Asesores","description":"Asesor\u00eda Fiscal. Laboral y Contable","publisher":{"@id":"https:\/\/maginaasesores.es\/#organization"},"potentialAction":[{"@type":"SearchAction","target":{"@type":"EntryPoint","urlTemplate":"https:\/\/maginaasesores.es\/?s={search_term_string}"},"query-input":"required name=search_term_string"}],"inLanguage":"es"},{"@type":"Organization","@id":"https:\/\/maginaasesores.es\/#organization","name":"M\u00e1gina Asesores","url":"https:\/\/maginaasesores.es\/","logo":{"@type":"ImageObject","inLanguage":"es","@id":"https:\/\/maginaasesores.es\/#\/schema\/logo\/image\/","url":"https:\/\/maginaasesores.es\/wp-content\/uploads\/sites\/10\/2023\/05\/magina-asesores-h.png","contentUrl":"https:\/\/maginaasesores.es\/wp-content\/uploads\/sites\/10\/2023\/05\/magina-asesores-h.png","width":672,"height":355,"caption":"M\u00e1gina Asesores"},"image":{"@id":"https:\/\/maginaasesores.es\/#\/schema\/logo\/image\/"}}]}},"_links":{"self":[{"href":"https:\/\/maginaasesores.es\/index.php\/wp-json\/wp\/v2\/pages\/18"}],"collection":[{"href":"https:\/\/maginaasesores.es\/index.php\/wp-json\/wp\/v2\/pages"}],"about":[{"href":"https:\/\/maginaasesores.es\/index.php\/wp-json\/wp\/v2\/types\/page"}],"author":[{"embeddable":true,"href":"https:\/\/maginaasesores.es\/index.php\/wp-json\/wp\/v2\/users\/2"}],"replies":[{"embeddable":true,"href":"https:\/\/maginaasesores.es\/index.php\/wp-json\/wp\/v2\/comments?post=18"}],"version-history":[{"count":27,"href":"https:\/\/maginaasesores.es\/index.php\/wp-json\/wp\/v2\/pages\/18\/revisions"}],"predecessor-version":[{"id":850,"href":"https:\/\/maginaasesores.es\/index.php\/wp-json\/wp\/v2\/pages\/18\/revisions\/850"}],"wp:attachment":[{"href":"https:\/\/maginaasesores.es\/index.php\/wp-json\/wp\/v2\/media?parent=18"}],"curies":[{"name":"wp","href":"https:\/\/api.w.org\/{rel}","templated":true}]}}