	



	{"id":20,"date":"2023-05-16T08:44:16","date_gmt":"2023-05-16T06:44:16","guid":{"rendered":"https:\/\/kitbase.webs.fococonsultores.es\/?page_id=20"},"modified":"2023-11-21T19:30:43","modified_gmt":"2023-11-21T17:30:43","slug":"servicios","status":"publish","type":"page","link":"https:\/\/maginaasesores.es\/index.php\/servicios\/","title":{"rendered":"Servicios"},"content":{"rendered":"\n<div style=\"height:4vh\" aria-hidden=\"true\" class=\"wp-block-spacer\"><\/div>\n\n\n<div class=\"yoast-breadcrumbs\"><span><span><a href=\"https:\/\/maginaasesores.es\/\">Portada<\/a> \u00bb <span class=\"breadcrumb_last\" aria-current=\"page\">Servicios<\/span><\/span><\/span><\/div>\n\n\n<div class=\"wp-block-cover alignfull\"><span aria-hidden=\"true\" class=\"wp-block-cover__background has-background-dim-30 has-background-dim\"><\/span><img decoding=\"async\" loading=\"lazy\" width=\"1920\" height=\"550\" class=\"wp-block-cover__image-background wp-image-872\" alt=\"servicios fachada m\u00e1gina asesores\" src=\"https:\/\/maginaasesores.es\/wp-content\/uploads\/sites\/10\/2023\/11\/magina_asesores_portada_v2.jpg\" style=\"object-position:50% 0%\" data-object-fit=\"cover\" data-object-position=\"50% 0%\" srcset=\"https:\/\/maginaasesores.es\/wp-content\/uploads\/sites\/10\/2023\/11\/magina_asesores_portada_v2.jpg 1920w, https:\/\/maginaasesores.es\/wp-content\/uploads\/sites\/10\/2023\/11\/magina_asesores_portada_v2-300x86.jpg 300w, https:\/\/maginaasesores.es\/wp-content\/uploads\/sites\/10\/2023\/11\/magina_asesores_portada_v2-1024x293.jpg 1024w, https:\/\/maginaasesores.es\/wp-content\/uploads\/sites\/10\/2023\/11\/magina_asesores_portada_v2-768x220.jpg 768w, https:\/\/maginaasesores.es\/wp-content\/uploads\/sites\/10\/2023\/11\/magina_asesores_portada_v2-1536x440.jpg 1536w\" sizes=\"(max-width: 1920px) 100vw, 1920px\" \/><div class=\"wp-block-cover__inner-container\">\n<h1 class=\"has-text-align-center has-white-color has-text-color has-x-large-font-size\"><strong>Servicios<\/strong><\/h1>\n<\/div><\/div>\n\n\n\n<div style=\"height:2vh\" aria-hidden=\"true\" class=\"wp-block-spacer\"><\/div>\n\n\n\n<div class=\"is-layout-flex wp-container-6 wp-block-columns alignfull\">\n<div class=\"is-layout-flow wp-block-column\" style=\"flex-basis:0.5%\"><\/div>\n\n\n\n<div class=\"is-layout-flow wp-block-column\">\n<div class=\"wp-block-media-text alignwide is-stacked-on-mobile sombra_productos has-white-background-color has-background\"><figure class=\"wp-block-media-text__media\"><img decoding=\"async\" loading=\"lazy\" width=\"240\" height=\"240\" src=\"https:\/\/maginaasesores.es\/wp-content\/uploads\/sites\/10\/2023\/05\/simbolo-economistas.png\" alt=\"Asesor\u00eda fiscal. Imagen profesional de los economistas colegiados en un Colegio de Economistas\" class=\"wp-image-651 size-full\" srcset=\"https:\/\/maginaasesores.es\/wp-content\/uploads\/sites\/10\/2023\/05\/simbolo-economistas.png 240w, https:\/\/maginaasesores.es\/wp-content\/uploads\/sites\/10\/2023\/05\/simbolo-economistas-150x150.png 150w\" sizes=\"(max-width: 240px) 100vw, 240px\" \/><\/figure><div class=\"wp-block-media-text__content\">\n<h2 class=\"espacio_antes has-medium-font-size\"><strong>Asesor\u00eda fiscal<\/strong><\/h2>\n\n\n\n<p>Servicios de asesor\u00eda fiscal.<\/p>\n<\/div><\/div>\n<\/div>\n\n\n\n<div class=\"is-layout-flow wp-block-column\">\n<div class=\"wp-block-media-text alignwide is-stacked-on-mobile sombra_productos has-white-background-color has-background\"><figure class=\"wp-block-media-text__media\"><img decoding=\"async\" loading=\"lazy\" width=\"240\" height=\"240\" src=\"https:\/\/maginaasesores.es\/wp-content\/uploads\/sites\/10\/2023\/05\/simbolo-graduados-sociales.png\" alt=\"Asesor\u00eda laboral. Imagen profesional de los Graduados Sociales colegiados\" class=\"wp-image-653 size-full\" srcset=\"https:\/\/maginaasesores.es\/wp-content\/uploads\/sites\/10\/2023\/05\/simbolo-graduados-sociales.png 240w, https:\/\/maginaasesores.es\/wp-content\/uploads\/sites\/10\/2023\/05\/simbolo-graduados-sociales-150x150.png 150w\" sizes=\"(max-width: 240px) 100vw, 240px\" \/><\/figure><div class=\"wp-block-media-text__content\">\n<h2 class=\"espacio_antes has-medium-font-size\"><strong>Asesor\u00eda laboral<\/strong><\/h2>\n\n\n\n<p>Servicios de asesor\u00eda laboral.<\/p>\n<\/div><\/div>\n<\/div>\n\n\n\n<div class=\"is-layout-flow wp-block-column\">\n<div class=\"wp-block-media-text alignwide is-stacked-on-mobile sombra_productos has-white-background-color has-background\"><figure class=\"wp-block-media-text__media\"><img decoding=\"async\" loading=\"lazy\" width=\"480\" height=\"480\" src=\"https:\/\/maginaasesores.es\/wp-content\/uploads\/sites\/10\/2023\/05\/imagen-asesoria-contable.jpg\" alt=\"\" class=\"wp-image-762 size-full\" srcset=\"https:\/\/maginaasesores.es\/wp-content\/uploads\/sites\/10\/2023\/05\/imagen-asesoria-contable.jpg 480w, https:\/\/maginaasesores.es\/wp-content\/uploads\/sites\/10\/2023\/05\/imagen-asesoria-contable-300x300.jpg 300w, https:\/\/maginaasesores.es\/wp-content\/uploads\/sites\/10\/2023\/05\/imagen-asesoria-contable-150x150.jpg 150w\" sizes=\"(max-width: 480px) 100vw, 480px\" \/><\/figure><div class=\"wp-block-media-text__content\">\n<h2 class=\"espacio_antes has-medium-font-size\"><strong>Asesor\u00eda contable<\/strong><\/h2>\n\n\n\n<p>Servicios de asesor\u00eda contable.<\/p>\n<\/div><\/div>\n<\/div>\n\n\n\n<div class=\"is-layout-flow wp-block-column\" style=\"flex-basis:0.5%\"><\/div>\n<\/div>\n","protected":false},"excerpt":{"rendered":"<p>Asesor\u00eda fiscal Servicios de asesor\u00eda fiscal. Asesor\u00eda laboral Servicios de asesor\u00eda laboral. Asesor\u00eda contable Servicios de asesor\u00eda contable.<\/p>\n","protected":false},"author":2,"featured_media":0,"parent":0,"menu_order":0,"comment_status":"closed","ping_status":"closed","template":"","meta":{"_mi_skip_tracking":false},"yoast_head":"<!-- This site is optimized with the Yoast SEO plugin v19.10 - https:\/\/yoast.com\/wordpress\/plugins\/seo\/ -->\n<title>Servicios - M\u00e1gina Asesores<\/title>\n<meta name=\"description\" content=\"M\u00e1gina Asesores ofrece servicios de asesor\u00eda fiscal, laboral y contable con profesionales colegiados y experiencia.\" \/>\n<meta name=\"robots\" content=\"index, follow, max-snippet:-1, max-image-preview:large, max-video-preview:-1\" \/>\n<link rel=\"canonical\" href=\"https:\/\/maginaasesores.es\/index.php\/servicios\/\" \/>\n<meta property=\"og:locale\" content=\"es_ES\" \/>\n<meta property=\"og:type\" content=\"article\" \/>\n<meta property=\"og:title\" content=\"Servicios - M\u00e1gina Asesores\" \/>\n<meta property=\"og:description\" content=\"M\u00e1gina Asesores ofrece servicios de asesor\u00eda fiscal, laboral y contable con profesionales colegiados y experiencia.\" \/>\n<meta property=\"og:url\" content=\"https:\/\/maginaasesores.es\/index.php\/servicios\/\" \/>\n<meta property=\"og:site_name\" content=\"M\u00e1gina Asesores\" \/>\n<meta property=\"article:modified_time\" content=\"2023-11-21T17:30:43+00:00\" \/>\n<meta property=\"og:image\" content=\"https:\/\/maginaasesores.es\/wp-content\/uploads\/sites\/10\/2023\/11\/magina_asesores_portada_v2.jpg\" \/>\n<meta name=\"twitter:card\" content=\"summary_large_image\" \/>\n<meta name=\"twitter:label1\" content=\"Tiempo de lectura\" \/>\n\t<meta name=\"twitter:data1\" content=\"1 minuto\" \/>\n<script type=\"application\/ld+json\" class=\"yoast-schema-graph\">{\"@context\":\"https:\/\/schema.org\",\"@graph\":[{\"@type\":\"WebPage\",\"@id\":\"https:\/\/maginaasesores.es\/index.php\/servicios\/\",\"url\":\"https:\/\/maginaasesores.es\/index.php\/servicios\/\",\"name\":\"Servicios - M\u00e1gina Asesores\",\"isPartOf\":{\"@id\":\"https:\/\/maginaasesores.es\/#website\"},\"datePublished\":\"2023-05-16T06:44:16+00:00\",\"dateModified\":\"2023-11-21T17:30:43+00:00\",\"description\":\"M\u00e1gina Asesores ofrece servicios de asesor\u00eda fiscal, laboral y contable con profesionales colegiados y experiencia.\",\"breadcrumb\":{\"@id\":\"https:\/\/maginaasesores.es\/index.php\/servicios\/#breadcrumb\"},\"inLanguage\":\"es\",\"potentialAction\":[{\"@type\":\"ReadAction\",\"target\":[\"https:\/\/maginaasesores.es\/index.php\/servicios\/\"]}]},{\"@type\":\"BreadcrumbList\",\"@id\":\"https:\/\/maginaasesores.es\/index.php\/servicios\/#breadcrumb\",\"itemListElement\":[{\"@type\":\"ListItem\",\"position\":1,\"name\":\"Portada\",\"item\":\"https:\/\/maginaasesores.es\/\"},{\"@type\":\"ListItem\",\"position\":2,\"name\":\"Servicios\"}]},{\"@type\":\"WebSite\",\"@id\":\"https:\/\/maginaasesores.es\/#website\",\"url\":\"https:\/\/maginaasesores.es\/\",\"name\":\"M\u00e1gina Asesores\",\"description\":\"Asesor\u00eda Fiscal. Laboral y Contable\",\"publisher\":{\"@id\":\"https:\/\/maginaasesores.es\/#organization\"},\"potentialAction\":[{\"@type\":\"SearchAction\",\"target\":{\"@type\":\"EntryPoint\",\"urlTemplate\":\"https:\/\/maginaasesores.es\/?s={search_term_string}\"},\"query-input\":\"required name=search_term_string\"}],\"inLanguage\":\"es\"},{\"@type\":\"Organization\",\"@id\":\"https:\/\/maginaasesores.es\/#organization\",\"name\":\"M\u00e1gina Asesores\",\"url\":\"https:\/\/maginaasesores.es\/\",\"logo\":{\"@type\":\"ImageObject\",\"inLanguage\":\"es\",\"@id\":\"https:\/\/maginaasesores.es\/#\/schema\/logo\/image\/\",\"url\":\"https:\/\/maginaasesores.es\/wp-content\/uploads\/sites\/10\/2023\/05\/magina-asesores-h.png\",\"contentUrl\":\"https:\/\/maginaasesores.es\/wp-content\/uploads\/sites\/10\/2023\/05\/magina-asesores-h.png\",\"width\":672,\"height\":355,\"caption\":\"M\u00e1gina Asesores\"},\"image\":{\"@id\":\"https:\/\/maginaasesores.es\/#\/schema\/logo\/image\/\"}}]}<\/script>\n<!-- \/ Yoast SEO plugin. -->","yoast_head_json":{"title":"Servicios - M\u00e1gina Asesores","description":"M\u00e1gina Asesores ofrece servicios de asesor\u00eda fiscal, laboral y contable con profesionales colegiados y experiencia.","robots":{"index":"index","follow":"follow","max-snippet":"max-snippet:-1","max-image-preview":"max-image-preview:large","max-video-preview":"max-video-preview:-1"},"canonical":"https:\/\/maginaasesores.es\/index.php\/servicios\/","og_locale":"es_ES","og_type":"article","og_title":"Servicios - M\u00e1gina Asesores","og_description":"M\u00e1gina Asesores ofrece servicios de asesor\u00eda fiscal, laboral y contable con profesionales colegiados y experiencia.","og_url":"https:\/\/maginaasesores.es\/index.php\/servicios\/","og_site_name":"M\u00e1gina Asesores","article_modified_time":"2023-11-21T17:30:43+00:00","og_image":[{"url":"https:\/\/maginaasesores.es\/wp-content\/uploads\/sites\/10\/2023\/11\/magina_asesores_portada_v2.jpg"}],"twitter_card":"summary_large_image","twitter_misc":{"Tiempo de lectura":"1 minuto"},"schema":{"@context":"https:\/\/schema.org","@graph":[{"@type":"WebPage","@id":"https:\/\/maginaasesores.es\/index.php\/servicios\/","url":"https:\/\/maginaasesores.es\/index.php\/servicios\/","name":"Servicios - M\u00e1gina Asesores","isPartOf":{"@id":"https:\/\/maginaasesores.es\/#website"},"datePublished":"2023-05-16T06:44:16+00:00","dateModified":"2023-11-21T17:30:43+00:00","description":"M\u00e1gina Asesores ofrece servicios de asesor\u00eda fiscal, laboral y contable con profesionales colegiados y experiencia.","breadcrumb":{"@id":"https:\/\/maginaasesores.es\/index.php\/servicios\/#breadcrumb"},"inLanguage":"es","potentialAction":[{"@type":"ReadAction","target":["https:\/\/maginaasesores.es\/index.php\/servicios\/"]}]},{"@type":"BreadcrumbList","@id":"https:\/\/maginaasesores.es\/index.php\/servicios\/#breadcrumb","itemListElement":[{"@type":"ListItem","position":1,"name":"Portada","item":"https:\/\/maginaasesores.es\/"},{"@type":"ListItem","position":2,"name":"Servicios"}]},{"@type":"WebSite","@id":"https:\/\/maginaasesores.es\/#website","url":"https:\/\/maginaasesores.es\/","name":"M\u00e1gina Asesores","description":"Asesor\u00eda Fiscal. Laboral y Contable","publisher":{"@id":"https:\/\/maginaasesores.es\/#organization"},"potentialAction":[{"@type":"SearchAction","target":{"@type":"EntryPoint","urlTemplate":"https:\/\/maginaasesores.es\/?s={search_term_string}"},"query-input":"required name=search_term_string"}],"inLanguage":"es"},{"@type":"Organization","@id":"https:\/\/maginaasesores.es\/#organization","name":"M\u00e1gina Asesores","url":"https:\/\/maginaasesores.es\/","logo":{"@type":"ImageObject","inLanguage":"es","@id":"https:\/\/maginaasesores.es\/#\/schema\/logo\/image\/","url":"https:\/\/maginaasesores.es\/wp-content\/uploads\/sites\/10\/2023\/05\/magina-asesores-h.png","contentUrl":"https:\/\/maginaasesores.es\/wp-content\/uploads\/sites\/10\/2023\/05\/magina-asesores-h.png","width":672,"height":355,"caption":"M\u00e1gina Asesores"},"image":{"@id":"https:\/\/maginaasesores.es\/#\/schema\/logo\/image\/"}}]}},"_links":{"self":[{"href":"https:\/\/maginaasesores.es\/index.php\/wp-json\/wp\/v2\/pages\/20"}],"collection":[{"href":"https:\/\/maginaasesores.es\/index.php\/wp-json\/wp\/v2\/pages"}],"about":[{"href":"https:\/\/maginaasesores.es\/index.php\/wp-json\/wp\/v2\/types\/page"}],"author":[{"embeddable":true,"href":"https:\/\/maginaasesores.es\/index.php\/wp-json\/wp\/v2\/users\/2"}],"replies":[{"embeddable":true,"href":"https:\/\/maginaasesores.es\/index.php\/wp-json\/wp\/v2\/comments?post=20"}],"version-history":[{"count":19,"href":"https:\/\/maginaasesores.es\/index.php\/wp-json\/wp\/v2\/pages\/20\/revisions"}],"predecessor-version":[{"id":873,"href":"https:\/\/maginaasesores.es\/index.php\/wp-json\/wp\/v2\/pages\/20\/revisions\/873"}],"wp:attachment":[{"href":"https:\/\/maginaasesores.es\/index.php\/wp-json\/wp\/v2\/media?parent=20"}],"curies":[{"name":"wp","href":"https:\/\/api.w.org\/{rel}","templated":true}]}}